{"id":148,"date":"2025-11-16T16:13:51","date_gmt":"2025-11-16T15:13:51","guid":{"rendered":"https:\/\/tirmetric.com\/?page_id=148"},"modified":"2025-11-16T18:29:25","modified_gmt":"2025-11-16T17:29:25","slug":"blog-tirmetric","status":"publish","type":"page","link":"https:\/\/tirmetric.com\/index.php\/blog-tirmetric\/","title":{"rendered":"Blog TirMetric \u2013 Tir Sportif &amp; Performance"},"content":{"rendered":"\t\t<div data-elementor-type=\"wp-page\" data-elementor-id=\"148\" class=\"elementor elementor-148\" data-elementor-post-type=\"page\">\n\t\t\t\t<div class=\"elementor-element elementor-element-9c37418 e-flex e-con-boxed e-con e-parent\" data-id=\"9c37418\" data-element_type=\"container\" data-e-type=\"container\">\n\t\t\t\t\t<div class=\"e-con-inner\">\n\t\t\t\t<div class=\"elementor-element elementor-element-8b636fb elementor-widget elementor-widget-heading\" data-id=\"8b636fb\" data-element_type=\"widget\" data-e-type=\"widget\" data-widget_type=\"heading.default\">\n\t\t\t\t\t<h2 class=\"elementor-heading-title elementor-size-default\">Blog TirMetric \u2013 Tir Sportif &amp; Performance<\/h2>\t\t\t\t<\/div>\n\t\t\t\t\t<\/div>\n\t\t\t\t<\/div>\n\t\t<div class=\"elementor-element elementor-element-e70c8f9 e-flex e-con-boxed e-con e-parent\" data-id=\"e70c8f9\" data-element_type=\"container\" data-e-type=\"container\">\n\t\t\t\t\t<div class=\"e-con-inner\">\n\t\t\t\t<div class=\"elementor-element elementor-element-561e179 elementor-grid-3 elementor-grid-tablet-2 elementor-grid-mobile-1 elementor-posts--thumbnail-top elementor-card-shadow-yes elementor-posts__hover-gradient elementor-widget elementor-widget-posts\" data-id=\"561e179\" data-element_type=\"widget\" data-e-type=\"widget\" data-settings=\"{&quot;cards_columns&quot;:&quot;3&quot;,&quot;cards_columns_tablet&quot;:&quot;2&quot;,&quot;cards_columns_mobile&quot;:&quot;1&quot;,&quot;cards_row_gap&quot;:{&quot;unit&quot;:&quot;px&quot;,&quot;size&quot;:35,&quot;sizes&quot;:[]},&quot;cards_row_gap_tablet&quot;:{&quot;unit&quot;:&quot;px&quot;,&quot;size&quot;:&quot;&quot;,&quot;sizes&quot;:[]},&quot;cards_row_gap_mobile&quot;:{&quot;unit&quot;:&quot;px&quot;,&quot;size&quot;:&quot;&quot;,&quot;sizes&quot;:[]}}\" data-widget_type=\"posts.cards\">\n\t\t\t\t<div class=\"elementor-widget-container\">\n\t\t\t\t\t\t\t<div class=\"elementor-posts-container elementor-posts elementor-posts--skin-cards elementor-grid\" role=\"list\">\n\t\t\t\t<article class=\"elementor-post elementor-grid-item post-205 post type-post status-publish format-standard has-post-thumbnail hentry category-entrainement-structure tag-analyse-tir-sportif tag-cahier-de-tir tag-haute-performance tag-indicateurs-performance tag-methodologie-tir tag-optimisation-entrainement tag-routine-tireur tag-suivi-progression tag-technique-de-tir tag-tir-10m\" role=\"listitem\">\n\t\t\t<div class=\"elementor-post__card\">\n\t\t\t\t<a class=\"elementor-post__thumbnail__link\" href=\"https:\/\/tirmetric.com\/index.php\/2025\/11\/16\/creer-un-cahier-de-tir-performant-les-elements-a-suivre\/\" tabindex=\"-1\" ><div class=\"elementor-post__thumbnail\"><img fetchpriority=\"high\" decoding=\"async\" width=\"300\" height=\"300\" src=\"https:\/\/tirmetric.com\/wp-content\/uploads\/2025\/11\/cropped-cropped-Logo-TirMetric-1024x1024-fondo-blanco-300x300.png\" class=\"attachment-medium size-medium wp-image-13\" alt=\"TirMetric\" srcset=\"https:\/\/tirmetric.com\/wp-content\/uploads\/2025\/11\/cropped-cropped-Logo-TirMetric-1024x1024-fondo-blanco-300x300.png 300w, https:\/\/tirmetric.com\/wp-content\/uploads\/2025\/11\/cropped-cropped-Logo-TirMetric-1024x1024-fondo-blanco-150x150.png 150w, https:\/\/tirmetric.com\/wp-content\/uploads\/2025\/11\/elementor\/thumbs\/cropped-cropped-Logo-TirMetric-1024x1024-fondo-blanco-rerjhhlxmlpx83upzxatlyj1bcaghvf06j9i5o3x8o.png 52w, https:\/\/tirmetric.com\/wp-content\/uploads\/2025\/11\/cropped-cropped-Logo-TirMetric-1024x1024-fondo-blanco.png 512w\" sizes=\"(max-width: 300px) 100vw, 300px\" \/><\/div><\/a>\n\t\t\t\t<div class=\"elementor-post__badge\">Entra\u00eenement structur\u00e9<\/div>\n\t\t\t\t<div class=\"elementor-post__text\">\n\t\t\t\t<h3 class=\"elementor-post__title\">\n\t\t\t<a href=\"https:\/\/tirmetric.com\/index.php\/2025\/11\/16\/creer-un-cahier-de-tir-performant-les-elements-a-suivre\/\" >\n\t\t\t\tCr\u00e9er un cahier de tir performant : les \u00e9l\u00e9ments \u00e0 suivre\t\t\t<\/a>\n\t\t<\/h3>\n\t\t\t\t<div class=\"elementor-post__excerpt\">\n\t\t\t<p>Cr\u00e9er un cahier de tir performant : les \u00e9l\u00e9ments \u00e0 suivre Un cahier de tir performant n\u2019est pas un simple journal. C\u2019est un outil de<\/p>\n\t\t<\/div>\n\t\t\n\t\t<a class=\"elementor-post__read-more\" href=\"https:\/\/tirmetric.com\/index.php\/2025\/11\/16\/creer-un-cahier-de-tir-performant-les-elements-a-suivre\/\" aria-label=\"En savoir plus sur Cr\u00e9er un cahier de tir performant : les \u00e9l\u00e9ments \u00e0 suivre\" tabindex=\"-1\" >\n\t\t\tLire la suite \u00bb\t\t<\/a>\n\n\t\t\t\t<\/div>\n\t\t\t\t<div class=\"elementor-post__meta-data\">\n\t\t\t\t\t<span class=\"elementor-post-date\">\n\t\t\t16\/11\/2025\t\t<\/span>\n\t\t\t\t<span class=\"elementor-post-avatar\">\n\t\t\tAucun commentaire\t\t<\/span>\n\t\t\t\t<\/div>\n\t\t\t\t\t<\/div>\n\t\t<\/article>\n\t\t\t\t<article class=\"elementor-post elementor-grid-item post-199 post type-post status-publish format-standard has-post-thumbnail hentry category-mental-concentration-psychologie tag-analyse-tir tag-concentration tag-gestion-emotionnelle tag-haute-performance tag-mental-du-tireur tag-resilience-sportive tag-routine-mentale tag-sequence-mentale tag-stress-competition tag-tir-10m\" role=\"listitem\">\n\t\t\t<div class=\"elementor-post__card\">\n\t\t\t\t<a class=\"elementor-post__thumbnail__link\" href=\"https:\/\/tirmetric.com\/index.php\/2025\/11\/16\/comment-rebondir-apres-un-mauvais-tir\/\" tabindex=\"-1\" ><div class=\"elementor-post__thumbnail\"><img decoding=\"async\" width=\"300\" height=\"300\" src=\"https:\/\/tirmetric.com\/wp-content\/uploads\/2025\/11\/Comment-rebondir-apres-un-mauvais-tir-300x300.png\" class=\"attachment-medium size-medium wp-image-204\" alt=\"\" srcset=\"https:\/\/tirmetric.com\/wp-content\/uploads\/2025\/11\/Comment-rebondir-apres-un-mauvais-tir-300x300.png 300w, https:\/\/tirmetric.com\/wp-content\/uploads\/2025\/11\/Comment-rebondir-apres-un-mauvais-tir-150x150.png 150w, https:\/\/tirmetric.com\/wp-content\/uploads\/2025\/11\/Comment-rebondir-apres-un-mauvais-tir-768x768.png 768w, https:\/\/tirmetric.com\/wp-content\/uploads\/2025\/11\/Comment-rebondir-apres-un-mauvais-tir.png 1024w\" sizes=\"(max-width: 300px) 100vw, 300px\" \/><\/div><\/a>\n\t\t\t\t<div class=\"elementor-post__badge\">Mental, concentration, psychologie<\/div>\n\t\t\t\t<div class=\"elementor-post__text\">\n\t\t\t\t<h3 class=\"elementor-post__title\">\n\t\t\t<a href=\"https:\/\/tirmetric.com\/index.php\/2025\/11\/16\/comment-rebondir-apres-un-mauvais-tir\/\" >\n\t\t\t\tComment rebondir apr\u00e8s un mauvais tir\t\t\t<\/a>\n\t\t<\/h3>\n\t\t\t\t<div class=\"elementor-post__excerpt\">\n\t\t\t<p>Comment rebondir apr\u00e8s un mauvais tir Un mauvais tir n\u2019est jamais un accident isol\u00e9 : c\u2019est une information. Le tireur de haut niveau ne cherche<\/p>\n\t\t<\/div>\n\t\t\n\t\t<a class=\"elementor-post__read-more\" href=\"https:\/\/tirmetric.com\/index.php\/2025\/11\/16\/comment-rebondir-apres-un-mauvais-tir\/\" aria-label=\"En savoir plus sur Comment rebondir apr\u00e8s un mauvais tir\" tabindex=\"-1\" >\n\t\t\tLire la suite \u00bb\t\t<\/a>\n\n\t\t\t\t<\/div>\n\t\t\t\t<div class=\"elementor-post__meta-data\">\n\t\t\t\t\t<span class=\"elementor-post-date\">\n\t\t\t16\/11\/2025\t\t<\/span>\n\t\t\t\t<span class=\"elementor-post-avatar\">\n\t\t\tAucun commentaire\t\t<\/span>\n\t\t\t\t<\/div>\n\t\t\t\t\t<\/div>\n\t\t<\/article>\n\t\t\t\t<article class=\"elementor-post elementor-grid-item post-193 post type-post status-publish format-standard has-post-thumbnail hentry category-materiel-et-equipement tag-accessoires-tir-sportif tag-analyse-biomecanique tag-confort-visuel tag-contrepoids tag-haute-performance tag-materiel-tireur tag-optimisation-equipement tag-reglages-tir-sportif tag-stabilite-arme tag-tir-10m\" role=\"listitem\">\n\t\t\t<div class=\"elementor-post__card\">\n\t\t\t\t<a class=\"elementor-post__thumbnail__link\" href=\"https:\/\/tirmetric.com\/index.php\/2025\/11\/16\/accessoires-de-tir-ce-qui-ameliore-vraiment-la-performance-et-ce-qui-ne-fait-que-lalourdir\/\" tabindex=\"-1\" ><div class=\"elementor-post__thumbnail\"><img decoding=\"async\" width=\"300\" height=\"300\" src=\"https:\/\/tirmetric.com\/wp-content\/uploads\/2025\/11\/Accessoires-de-tir-ce-qui-ameliore-vraiment-la-performance-et-ce-qui-ne-fait-que-lalourdir-300x300.png\" class=\"attachment-medium size-medium wp-image-198\" alt=\"\" srcset=\"https:\/\/tirmetric.com\/wp-content\/uploads\/2025\/11\/Accessoires-de-tir-ce-qui-ameliore-vraiment-la-performance-et-ce-qui-ne-fait-que-lalourdir-300x300.png 300w, https:\/\/tirmetric.com\/wp-content\/uploads\/2025\/11\/Accessoires-de-tir-ce-qui-ameliore-vraiment-la-performance-et-ce-qui-ne-fait-que-lalourdir-150x150.png 150w, https:\/\/tirmetric.com\/wp-content\/uploads\/2025\/11\/Accessoires-de-tir-ce-qui-ameliore-vraiment-la-performance-et-ce-qui-ne-fait-que-lalourdir-768x768.png 768w, https:\/\/tirmetric.com\/wp-content\/uploads\/2025\/11\/Accessoires-de-tir-ce-qui-ameliore-vraiment-la-performance-et-ce-qui-ne-fait-que-lalourdir.png 1024w\" sizes=\"(max-width: 300px) 100vw, 300px\" \/><\/div><\/a>\n\t\t\t\t<div class=\"elementor-post__badge\">Mat\u00e9riel et \u00e9quipement<\/div>\n\t\t\t\t<div class=\"elementor-post__text\">\n\t\t\t\t<h3 class=\"elementor-post__title\">\n\t\t\t<a href=\"https:\/\/tirmetric.com\/index.php\/2025\/11\/16\/accessoires-de-tir-ce-qui-ameliore-vraiment-la-performance-et-ce-qui-ne-fait-que-lalourdir\/\" >\n\t\t\t\tAccessoires de tir : ce qui am\u00e9liore vraiment la performance, et ce qui ne fait que l\u2019alourdir\t\t\t<\/a>\n\t\t<\/h3>\n\t\t\t\t<div class=\"elementor-post__excerpt\">\n\t\t\t<p>Accessoires de tir : ce qui am\u00e9liore vraiment la performance, et ce qui ne fait que l\u2019alourdir Dans le tir sportif, les accessoires ne sont<\/p>\n\t\t<\/div>\n\t\t\n\t\t<a class=\"elementor-post__read-more\" href=\"https:\/\/tirmetric.com\/index.php\/2025\/11\/16\/accessoires-de-tir-ce-qui-ameliore-vraiment-la-performance-et-ce-qui-ne-fait-que-lalourdir\/\" aria-label=\"En savoir plus sur Accessoires de tir : ce qui am\u00e9liore vraiment la performance, et ce qui ne fait que l\u2019alourdir\" tabindex=\"-1\" >\n\t\t\tLire la suite \u00bb\t\t<\/a>\n\n\t\t\t\t<\/div>\n\t\t\t\t<div class=\"elementor-post__meta-data\">\n\t\t\t\t\t<span class=\"elementor-post-date\">\n\t\t\t16\/11\/2025\t\t<\/span>\n\t\t\t\t<span class=\"elementor-post-avatar\">\n\t\t\tAucun commentaire\t\t<\/span>\n\t\t\t\t<\/div>\n\t\t\t\t\t<\/div>\n\t\t<\/article>\n\t\t\t\t<article class=\"elementor-post elementor-grid-item post-187 post type-post status-publish format-standard has-post-thumbnail hentry category-materiel-et-equipement tag-carabine-debutant tag-choix-arme tag-equipement-tireur tag-haute-performance tag-materiel-tir-sportif tag-pistolet-debutant tag-poignee-tir-sportif tag-reglages-arme tag-stabilite-arme tag-tir-10m\" role=\"listitem\">\n\t\t\t<div class=\"elementor-post__card\">\n\t\t\t\t<a class=\"elementor-post__thumbnail__link\" href=\"https:\/\/tirmetric.com\/index.php\/2025\/11\/16\/bien-choisir-son-pistolet-ou-sa-carabine-quand-on-debute\/\" tabindex=\"-1\" ><div class=\"elementor-post__thumbnail\"><img loading=\"lazy\" decoding=\"async\" width=\"300\" height=\"300\" src=\"https:\/\/tirmetric.com\/wp-content\/uploads\/2025\/11\/Bien-choisir-son-pistolet-ou-sa-carabine-quand-on-debute-300x300.png\" class=\"attachment-medium size-medium wp-image-192\" alt=\"\" srcset=\"https:\/\/tirmetric.com\/wp-content\/uploads\/2025\/11\/Bien-choisir-son-pistolet-ou-sa-carabine-quand-on-debute-300x300.png 300w, https:\/\/tirmetric.com\/wp-content\/uploads\/2025\/11\/Bien-choisir-son-pistolet-ou-sa-carabine-quand-on-debute-150x150.png 150w, https:\/\/tirmetric.com\/wp-content\/uploads\/2025\/11\/Bien-choisir-son-pistolet-ou-sa-carabine-quand-on-debute-768x768.png 768w, https:\/\/tirmetric.com\/wp-content\/uploads\/2025\/11\/Bien-choisir-son-pistolet-ou-sa-carabine-quand-on-debute.png 1024w\" sizes=\"(max-width: 300px) 100vw, 300px\" \/><\/div><\/a>\n\t\t\t\t<div class=\"elementor-post__badge\">Mat\u00e9riel et \u00e9quipement<\/div>\n\t\t\t\t<div class=\"elementor-post__text\">\n\t\t\t\t<h3 class=\"elementor-post__title\">\n\t\t\t<a href=\"https:\/\/tirmetric.com\/index.php\/2025\/11\/16\/bien-choisir-son-pistolet-ou-sa-carabine-quand-on-debute\/\" >\n\t\t\t\tBien choisir son pistolet ou sa carabine quand on d\u00e9bute\t\t\t<\/a>\n\t\t<\/h3>\n\t\t\t\t<div class=\"elementor-post__excerpt\">\n\t\t\t<p>Bien choisir son pistolet ou sa carabine quand on d\u00e9bute Le choix de la premi\u00e8re arme conditionne la progression technique. Un mod\u00e8le inad\u00e9quat cr\u00e9e de<\/p>\n\t\t<\/div>\n\t\t\n\t\t<a class=\"elementor-post__read-more\" href=\"https:\/\/tirmetric.com\/index.php\/2025\/11\/16\/bien-choisir-son-pistolet-ou-sa-carabine-quand-on-debute\/\" aria-label=\"En savoir plus sur Bien choisir son pistolet ou sa carabine quand on d\u00e9bute\" tabindex=\"-1\" >\n\t\t\tLire la suite \u00bb\t\t<\/a>\n\n\t\t\t\t<\/div>\n\t\t\t\t<div class=\"elementor-post__meta-data\">\n\t\t\t\t\t<span class=\"elementor-post-date\">\n\t\t\t16\/11\/2025\t\t<\/span>\n\t\t\t\t<span class=\"elementor-post-avatar\">\n\t\t\tAucun commentaire\t\t<\/span>\n\t\t\t\t<\/div>\n\t\t\t\t\t<\/div>\n\t\t<\/article>\n\t\t\t\t<article class=\"elementor-post elementor-grid-item post-180 post type-post status-publish format-standard has-post-thumbnail hentry category-mental-concentration-psychologie tag-concentration tag-focalisation tag-gestion-emotionnelle tag-haute-performance tag-mental-du-tireur tag-respiration-tir-sportif tag-routine-mentale tag-sequence-mentale tag-stress-competition tag-tir-10m\" role=\"listitem\">\n\t\t\t<div class=\"elementor-post__card\">\n\t\t\t\t<a class=\"elementor-post__thumbnail__link\" href=\"https:\/\/tirmetric.com\/index.php\/2025\/11\/16\/gerer-le-stress-en-competition-routines-simples-et-efficaces\/\" tabindex=\"-1\" ><div class=\"elementor-post__thumbnail\"><img loading=\"lazy\" decoding=\"async\" width=\"300\" height=\"300\" src=\"https:\/\/tirmetric.com\/wp-content\/uploads\/2025\/11\/Gerer-le-stress-en-competition-routines-simples-et-efficaces-300x300.png\" class=\"attachment-medium size-medium wp-image-186\" alt=\"\" srcset=\"https:\/\/tirmetric.com\/wp-content\/uploads\/2025\/11\/Gerer-le-stress-en-competition-routines-simples-et-efficaces-300x300.png 300w, https:\/\/tirmetric.com\/wp-content\/uploads\/2025\/11\/Gerer-le-stress-en-competition-routines-simples-et-efficaces-150x150.png 150w, https:\/\/tirmetric.com\/wp-content\/uploads\/2025\/11\/Gerer-le-stress-en-competition-routines-simples-et-efficaces-768x768.png 768w, https:\/\/tirmetric.com\/wp-content\/uploads\/2025\/11\/Gerer-le-stress-en-competition-routines-simples-et-efficaces.png 1024w\" sizes=\"(max-width: 300px) 100vw, 300px\" \/><\/div><\/a>\n\t\t\t\t<div class=\"elementor-post__badge\">Mental, concentration, psychologie<\/div>\n\t\t\t\t<div class=\"elementor-post__text\">\n\t\t\t\t<h3 class=\"elementor-post__title\">\n\t\t\t<a href=\"https:\/\/tirmetric.com\/index.php\/2025\/11\/16\/gerer-le-stress-en-competition-routines-simples-et-efficaces\/\" >\n\t\t\t\tG\u00e9rer le stress en comp\u00e9tition : routines simples et efficaces\t\t\t<\/a>\n\t\t<\/h3>\n\t\t\t\t<div class=\"elementor-post__excerpt\">\n\t\t\t<p>G\u00e9rer le stress en comp\u00e9tition : routines simples et efficaces En comp\u00e9tition, le stress n\u2019est pas un ennemi : c\u2019est une variable. Ceux qui performent<\/p>\n\t\t<\/div>\n\t\t\n\t\t<a class=\"elementor-post__read-more\" href=\"https:\/\/tirmetric.com\/index.php\/2025\/11\/16\/gerer-le-stress-en-competition-routines-simples-et-efficaces\/\" aria-label=\"En savoir plus sur G\u00e9rer le stress en comp\u00e9tition : routines simples et efficaces\" tabindex=\"-1\" >\n\t\t\tLire la suite \u00bb\t\t<\/a>\n\n\t\t\t\t<\/div>\n\t\t\t\t<div class=\"elementor-post__meta-data\">\n\t\t\t\t\t<span class=\"elementor-post-date\">\n\t\t\t16\/11\/2025\t\t<\/span>\n\t\t\t\t<span class=\"elementor-post-avatar\">\n\t\t\tAucun commentaire\t\t<\/span>\n\t\t\t\t<\/div>\n\t\t\t\t\t<\/div>\n\t\t<\/article>\n\t\t\t\t<article class=\"elementor-post elementor-grid-item post-172 post type-post status-publish format-standard has-post-thumbnail hentry category-technique-et-progression tag-analyse-des-impacts tag-haute-performance tag-lacher tag-posture-tireur tag-precision tag-progression tag-respiration tag-stabilite tag-technique-de-tir tag-tir-10m\" role=\"listitem\">\n\t\t\t<div class=\"elementor-post__card\">\n\t\t\t\t<a class=\"elementor-post__thumbnail__link\" href=\"https:\/\/tirmetric.com\/index.php\/2025\/11\/16\/les-erreurs-les-plus-frequentes-en-tir-a-10-metres-et-comment-les-corriger\/\" tabindex=\"-1\" ><div class=\"elementor-post__thumbnail\"><img loading=\"lazy\" decoding=\"async\" width=\"300\" height=\"300\" src=\"https:\/\/tirmetric.com\/wp-content\/uploads\/2025\/11\/Les-erreurs-les-plus-frequentes-en-tir-a-10-metres-et-comment-les-corriger-300x300.png\" class=\"attachment-medium size-medium wp-image-177\" alt=\"\" srcset=\"https:\/\/tirmetric.com\/wp-content\/uploads\/2025\/11\/Les-erreurs-les-plus-frequentes-en-tir-a-10-metres-et-comment-les-corriger-300x300.png 300w, https:\/\/tirmetric.com\/wp-content\/uploads\/2025\/11\/Les-erreurs-les-plus-frequentes-en-tir-a-10-metres-et-comment-les-corriger-150x150.png 150w, https:\/\/tirmetric.com\/wp-content\/uploads\/2025\/11\/Les-erreurs-les-plus-frequentes-en-tir-a-10-metres-et-comment-les-corriger-768x768.png 768w, https:\/\/tirmetric.com\/wp-content\/uploads\/2025\/11\/Les-erreurs-les-plus-frequentes-en-tir-a-10-metres-et-comment-les-corriger.png 1024w\" sizes=\"(max-width: 300px) 100vw, 300px\" \/><\/div><\/a>\n\t\t\t\t<div class=\"elementor-post__badge\">Technique et progression<\/div>\n\t\t\t\t<div class=\"elementor-post__text\">\n\t\t\t\t<h3 class=\"elementor-post__title\">\n\t\t\t<a href=\"https:\/\/tirmetric.com\/index.php\/2025\/11\/16\/les-erreurs-les-plus-frequentes-en-tir-a-10-metres-et-comment-les-corriger\/\" >\n\t\t\t\tLes erreurs les plus fr\u00e9quentes en tir \u00e0 10 m\u00e8tres (et comment les corriger)\t\t\t<\/a>\n\t\t<\/h3>\n\t\t\t\t<div class=\"elementor-post__excerpt\">\n\t\t\t<p>\u00a0 \u00a0 Les erreurs les plus fr\u00e9quentes en tir \u00e0 10 m\u00e8tres (et comment les corriger) Cat\u00e9gorie : Technique et progression \u00c0 10 m\u00e8tres, chaque<\/p>\n\t\t<\/div>\n\t\t\n\t\t<a class=\"elementor-post__read-more\" href=\"https:\/\/tirmetric.com\/index.php\/2025\/11\/16\/les-erreurs-les-plus-frequentes-en-tir-a-10-metres-et-comment-les-corriger\/\" aria-label=\"En savoir plus sur Les erreurs les plus fr\u00e9quentes en tir \u00e0 10 m\u00e8tres (et comment les corriger)\" tabindex=\"-1\" >\n\t\t\tLire la suite \u00bb\t\t<\/a>\n\n\t\t\t\t<\/div>\n\t\t\t\t<div class=\"elementor-post__meta-data\">\n\t\t\t\t\t<span class=\"elementor-post-date\">\n\t\t\t16\/11\/2025\t\t<\/span>\n\t\t\t\t<span class=\"elementor-post-avatar\">\n\t\t\tAucun commentaire\t\t<\/span>\n\t\t\t\t<\/div>\n\t\t\t\t\t<\/div>\n\t\t<\/article>\n\t\t\t\t<article class=\"elementor-post elementor-grid-item post-155 post type-post status-publish format-standard has-post-thumbnail hentry category-technique-et-progression tag-conseils-tir-sportif tag-entrainement-tir-sportif tag-posture-tireur tag-precision tag-progression tag-sequence-de-tir tag-stabilite tag-technique-de-tir tag-tir-10m tag-tir-debout\" role=\"listitem\">\n\t\t\t<div class=\"elementor-post__card\">\n\t\t\t\t<a class=\"elementor-post__thumbnail__link\" href=\"https:\/\/tirmetric.com\/index.php\/2025\/11\/16\/comment-ameliorer-sa-stabilite-en-tir-debout-en-5-minutes-par-jour\/\" tabindex=\"-1\" ><div class=\"elementor-post__thumbnail\"><img loading=\"lazy\" decoding=\"async\" width=\"300\" height=\"300\" src=\"https:\/\/tirmetric.com\/wp-content\/uploads\/2025\/11\/Comment-ameliorer-sa-stabilite-en-tir-debout-300x300.png\" class=\"attachment-medium size-medium wp-image-160\" alt=\"\" srcset=\"https:\/\/tirmetric.com\/wp-content\/uploads\/2025\/11\/Comment-ameliorer-sa-stabilite-en-tir-debout-300x300.png 300w, https:\/\/tirmetric.com\/wp-content\/uploads\/2025\/11\/Comment-ameliorer-sa-stabilite-en-tir-debout-150x150.png 150w, https:\/\/tirmetric.com\/wp-content\/uploads\/2025\/11\/Comment-ameliorer-sa-stabilite-en-tir-debout-768x768.png 768w, https:\/\/tirmetric.com\/wp-content\/uploads\/2025\/11\/Comment-ameliorer-sa-stabilite-en-tir-debout.png 1024w\" sizes=\"(max-width: 300px) 100vw, 300px\" \/><\/div><\/a>\n\t\t\t\t<div class=\"elementor-post__badge\">Technique et progression<\/div>\n\t\t\t\t<div class=\"elementor-post__text\">\n\t\t\t\t<h3 class=\"elementor-post__title\">\n\t\t\t<a href=\"https:\/\/tirmetric.com\/index.php\/2025\/11\/16\/comment-ameliorer-sa-stabilite-en-tir-debout-en-5-minutes-par-jour\/\" >\n\t\t\t\tComment am\u00e9liorer sa stabilit\u00e9 en tir debout en 5 minutes par jour\t\t\t<\/a>\n\t\t<\/h3>\n\t\t\t\t<div class=\"elementor-post__excerpt\">\n\t\t\t<p>Comment am\u00e9liorer sa stabilit\u00e9 en tir debout en 5 minutes par jour La stabilit\u00e9 en position debout est l\u2019un des fondements du tir de pr\u00e9cision.<\/p>\n\t\t<\/div>\n\t\t\n\t\t<a class=\"elementor-post__read-more\" href=\"https:\/\/tirmetric.com\/index.php\/2025\/11\/16\/comment-ameliorer-sa-stabilite-en-tir-debout-en-5-minutes-par-jour\/\" aria-label=\"En savoir plus sur Comment am\u00e9liorer sa stabilit\u00e9 en tir debout en 5 minutes par jour\" tabindex=\"-1\" >\n\t\t\tLire la suite \u00bb\t\t<\/a>\n\n\t\t\t\t<\/div>\n\t\t\t\t<div class=\"elementor-post__meta-data\">\n\t\t\t\t\t<span class=\"elementor-post-date\">\n\t\t\t16\/11\/2025\t\t<\/span>\n\t\t\t\t<span class=\"elementor-post-avatar\">\n\t\t\tAucun commentaire\t\t<\/span>\n\t\t\t\t<\/div>\n\t\t\t\t\t<\/div>\n\t\t<\/article>\n\t\t\t\t<\/div>\n\t\t\n\t\t\t\t\t\t<\/div>\n\t\t\t\t<\/div>\n\t\t\t\t\t<\/div>\n\t\t\t\t<\/div>\n\t\t\t\t<\/div>\n\t\t","protected":false},"excerpt":{"rendered":"<p>Blog TirMetric \u2013 Tir Sportif &amp; Performance<\/p>\n","protected":false},"author":1,"featured_media":0,"parent":0,"menu_order":0,"comment_status":"closed","ping_status":"closed","template":"","meta":{"footnotes":""},"class_list":["post-148","page","type-page","status-publish","hentry"],"_links":{"self":[{"href":"https:\/\/tirmetric.com\/index.php\/wp-json\/wp\/v2\/pages\/148","targetHints":{"allow":["GET"]}}],"collection":[{"href":"https:\/\/tirmetric.com\/index.php\/wp-json\/wp\/v2\/pages"}],"about":[{"href":"https:\/\/tirmetric.com\/index.php\/wp-json\/wp\/v2\/types\/page"}],"author":[{"embeddable":true,"href":"https:\/\/tirmetric.com\/index.php\/wp-json\/wp\/v2\/users\/1"}],"replies":[{"embeddable":true,"href":"https:\/\/tirmetric.com\/index.php\/wp-json\/wp\/v2\/comments?post=148"}],"version-history":[{"count":15,"href":"https:\/\/tirmetric.com\/index.php\/wp-json\/wp\/v2\/pages\/148\/revisions"}],"predecessor-version":[{"id":212,"href":"https:\/\/tirmetric.com\/index.php\/wp-json\/wp\/v2\/pages\/148\/revisions\/212"}],"wp:attachment":[{"href":"https:\/\/tirmetric.com\/index.php\/wp-json\/wp\/v2\/media?parent=148"}],"curies":[{"name":"wp","href":"https:\/\/api.w.org\/{rel}","templated":true}]}}