{"id":7,"date":"2025-11-16T00:49:13","date_gmt":"2025-11-15T23:49:13","guid":{"rendered":"http:\/\/tirmetric.com\/?page_id=7"},"modified":"2026-04-02T11:11:12","modified_gmt":"2026-04-02T09:11:12","slug":"accueil","status":"publish","type":"page","link":"https:\/\/tirmetric.com\/","title":{"rendered":"Accueil"},"content":{"rendered":"\t\t<div data-elementor-type=\"wp-post\" data-elementor-id=\"7\" class=\"elementor elementor-7\" data-elementor-post-type=\"page\">\n\t\t\t\t<div class=\"elementor-element elementor-element-a4febac e-flex e-con-boxed e-con e-parent\" data-id=\"a4febac\" data-element_type=\"container\" data-e-type=\"container\" data-settings=\"{&quot;background_background&quot;:&quot;classic&quot;}\">\n\t\t\t\t\t<div class=\"e-con-inner\">\n\t\t<div class=\"elementor-element elementor-element-5d62126 e-con-full e-flex e-con e-child\" data-id=\"5d62126\" data-element_type=\"container\" data-e-type=\"container\">\n\t\t\t\t<div class=\"elementor-element elementor-element-527b619 elementor-widget elementor-widget-heading\" data-id=\"527b619\" data-element_type=\"widget\" data-e-type=\"widget\" data-widget_type=\"heading.default\">\n\t\t\t\t\t<h1 class=\"elementor-heading-title elementor-size-default\">TirMetric - <span style=\"color: #E7343A\">La performance sous contr\u00f4le<\/span><\/h1>\t\t\t\t<\/div>\n\t\t\t\t<div class=\"elementor-element elementor-element-1a52169 elementor-widget elementor-widget-text-editor\" data-id=\"1a52169\" data-element_type=\"widget\" data-e-type=\"widget\" data-widget_type=\"text-editor.default\">\n\t\t\t\t\t\t\t\t\t<h3>La solution professionnelle de suivi et d\u2019analyse du tir sportif. Chaque tir devient une donn\u00e9e, chaque donn\u00e9e une cl\u00e9 pour progresser.<\/h3>\t\t\t\t\t\t\t\t<\/div>\n\t\t<div class=\"elementor-element elementor-element-1d8438f e-con-full e-flex e-con e-child\" data-id=\"1d8438f\" data-element_type=\"container\" data-e-type=\"container\">\n\t\t\t\t<div class=\"elementor-element elementor-element-781c9ce elementor-widget elementor-widget-button\" data-id=\"781c9ce\" data-element_type=\"widget\" data-e-type=\"widget\" data-widget_type=\"button.default\">\n\t\t\t\t\t\t\t\t\t\t<a class=\"elementor-button elementor-button-link elementor-size-sm\" href=\"#\">\n\t\t\t\t\t\t<span class=\"elementor-button-content-wrapper\">\n\t\t\t\t\t\t\t\t\t<span class=\"elementor-button-text\">Essayer la Beta<\/span>\n\t\t\t\t\t<\/span>\n\t\t\t\t\t<\/a>\n\t\t\t\t\t\t\t\t<\/div>\n\t\t\t\t<div class=\"elementor-element elementor-element-47d2af9 elementor-widget elementor-widget-button\" data-id=\"47d2af9\" data-element_type=\"widget\" data-e-type=\"widget\" data-widget_type=\"button.default\">\n\t\t\t\t\t\t\t\t\t\t<a class=\"elementor-button elementor-button-link elementor-size-sm\" href=\"#\">\n\t\t\t\t\t\t<span class=\"elementor-button-content-wrapper\">\n\t\t\t\t\t\t\t\t\t<span class=\"elementor-button-text\">Demander une d\u00e9mo<\/span>\n\t\t\t\t\t<\/span>\n\t\t\t\t\t<\/a>\n\t\t\t\t\t\t\t\t<\/div>\n\t\t\t\t<\/div>\n\t\t\t\t<div class=\"elementor-element elementor-element-78b61c8 elementor-widget elementor-widget-text-editor\" data-id=\"78b61c8\" data-element_type=\"widget\" data-e-type=\"widget\" data-widget_type=\"text-editor.default\">\n\t\t\t\t\t\t\t\t\t<p>Pour les clubs, f\u00e9d\u00e9rations, coachs et tireurs de haut niveau.<\/p>\t\t\t\t\t\t\t\t<\/div>\n\t\t\t\t<\/div>\n\t\t<div class=\"elementor-element elementor-element-c4d3dc7 e-con-full e-flex e-con e-child\" data-id=\"c4d3dc7\" data-element_type=\"container\" data-e-type=\"container\">\n\t\t\t\t<div class=\"elementor-element elementor-element-18550fa elementor-widget elementor-widget-image\" data-id=\"18550fa\" data-element_type=\"widget\" data-e-type=\"widget\" data-widget_type=\"image.default\">\n\t\t\t\t\t\t\t\t\t\t\t\t\t\t\t<img fetchpriority=\"high\" decoding=\"async\" width=\"300\" height=\"300\" src=\"https:\/\/tirmetric.com\/wp-content\/uploads\/2025\/11\/Logo-TirMetric-1024x1024-fondo-blanco-300x300.png\" class=\"attachment-medium size-medium wp-image-11\" alt=\"TirMetric\" srcset=\"https:\/\/tirmetric.com\/wp-content\/uploads\/2025\/11\/Logo-TirMetric-1024x1024-fondo-blanco-300x300.png 300w, https:\/\/tirmetric.com\/wp-content\/uploads\/2025\/11\/Logo-TirMetric-1024x1024-fondo-blanco-150x150.png 150w, https:\/\/tirmetric.com\/wp-content\/uploads\/2025\/11\/Logo-TirMetric-1024x1024-fondo-blanco-768x768.png 768w, https:\/\/tirmetric.com\/wp-content\/uploads\/2025\/11\/Logo-TirMetric-1024x1024-fondo-blanco.png 1024w\" sizes=\"(max-width: 300px) 100vw, 300px\" \/>\t\t\t\t\t\t\t\t\t\t\t\t\t\t\t<\/div>\n\t\t\t\t<\/div>\n\t\t\t\t\t<\/div>\n\t\t\t\t<\/div>\n\t\t<div class=\"elementor-element elementor-element-6ee6abb e-flex e-con-boxed e-con e-parent\" data-id=\"6ee6abb\" data-element_type=\"container\" data-e-type=\"container\" id=\"PourquoiTirMetric\">\n\t\t\t\t\t<div class=\"e-con-inner\">\n\t\t<div class=\"elementor-element elementor-element-0a76d2b e-con-full e-flex e-con e-child\" data-id=\"0a76d2b\" data-element_type=\"container\" data-e-type=\"container\">\n\t\t\t\t<div class=\"elementor-element elementor-element-26fbc8b elementor-widget elementor-widget-text-editor\" data-id=\"26fbc8b\" data-element_type=\"widget\" data-e-type=\"widget\" data-widget_type=\"text-editor.default\">\n\t\t\t\t\t\t\t\t\t<h2>Pourquoi\u00a0<span style=\"color: #e7343a;\">TirMetric<\/span>\u00a0?<\/h2><p>Dans le tir sportif, chaque d\u00e9tail compte. TirMetric centralise les param\u00e8tres techniques, physiologiques et mentaux pour transformer chaque s\u00e9ance \u2014 entra\u00eenement ou comp\u00e9tition \u2014 en une source de progression mesurable.<\/p><ul id=\"listepourquoi\"><li>Vue unifi\u00e9e des donn\u00e9es : conditions, mat\u00e9riel, r\u00e9glages, ressentis, r\u00e9sultats.<\/li><li>Indicateurs de r\u00e9gularit\u00e9 et tendances d\u2019\u00e9volution.<\/li><li>Plans d\u2019entra\u00eenement personnalis\u00e9s et suivi longitudinal.<\/li><\/ul>\t\t\t\t\t\t\t\t<\/div>\n\t\t\t\t<\/div>\n\t\t<div class=\"elementor-element elementor-element-cf329d5 e-con-full e-flex e-con e-child\" data-id=\"cf329d5\" data-element_type=\"container\" data-e-type=\"container\">\n\t\t\t\t<div class=\"elementor-element elementor-element-dd8745f elementor-widget elementor-widget-text-editor\" data-id=\"dd8745f\" data-element_type=\"widget\" data-e-type=\"widget\" data-widget_type=\"text-editor.default\">\n\t\t\t\t\t\t\t\t\t<h2 class=\"text-3xl font-extrabold\"><strong>360\u00b0<\/strong><\/h2><div class=\"text-3xl font-extrabold\">Vision compl\u00e8te des s\u00e9ances<\/div>\t\t\t\t\t\t\t\t<\/div>\n\t\t\t\t<div class=\"elementor-element elementor-element-4f9dfb2 elementor-widget elementor-widget-text-editor\" data-id=\"4f9dfb2\" data-element_type=\"widget\" data-e-type=\"widget\" data-widget_type=\"text-editor.default\">\n\t\t\t\t\t\t\t\t\t<h2><strong>+Ind.<\/strong><\/h2><p>Indicateurs actionables<\/p>\t\t\t\t\t\t\t\t<\/div>\n\t\t\t\t<div class=\"elementor-element elementor-element-077ad30 elementor-widget elementor-widget-text-editor\" data-id=\"077ad30\" data-element_type=\"widget\" data-e-type=\"widget\" data-widget_type=\"text-editor.default\">\n\t\t\t\t\t\t\t\t\t<h2><strong>Cloud<\/strong><\/h2><p>Synchronisation mobile \u2194 web<\/p>\t\t\t\t\t\t\t\t<\/div>\n\t\t\t\t<\/div>\n\t\t\t\t\t<\/div>\n\t\t\t\t<\/div>\n\t\t<div class=\"elementor-element elementor-element-756bc7e e-flex e-con-boxed e-con e-parent\" data-id=\"756bc7e\" data-element_type=\"container\" data-e-type=\"container\" id=\"AppMobile\" data-settings=\"{&quot;background_background&quot;:&quot;classic&quot;}\">\n\t\t\t\t\t<div class=\"e-con-inner\">\n\t\t<div class=\"elementor-element elementor-element-8b1a3e0 e-con-full e-flex e-con e-child\" data-id=\"8b1a3e0\" data-element_type=\"container\" data-e-type=\"container\">\n\t\t\t\t<div class=\"elementor-element elementor-element-8968ed7 elementor-widget elementor-widget-text-editor\" data-id=\"8968ed7\" data-element_type=\"widget\" data-e-type=\"widget\" data-widget_type=\"text-editor.default\">\n\t\t\t\t\t\t\t\t\t<h2 class=\"text-3xl font-bold\">L\u2019application\u00a0<span style=\"color: #e7343a;\">mobile<\/span>\u00a0du tireur<\/h2><ul><li>Enregistrement rapide : lieu, m\u00e9t\u00e9o, discipline, type de tir.<\/li><li>R\u00e9glages mat\u00e9riels : arme, munitions, viseur, appuis, positions.<\/li><li>Ressentis : fatigue, confiance, perturbations, points forts.<\/li><li>Ajout de photos de cibles et r\u00e9sultats chiffr\u00e9s.<\/li><li>Sauvegarde automatique et historique illimit\u00e9.<\/li><\/ul>\t\t\t\t\t\t\t\t<\/div>\n\t\t\t\t<\/div>\n\t\t<div class=\"elementor-element elementor-element-3e2d1f8 e-con-full e-flex e-con e-child\" data-id=\"3e2d1f8\" data-element_type=\"container\" data-e-type=\"container\">\n\t\t\t\t<div class=\"elementor-element elementor-element-7e7237f elementor-widget elementor-widget-image\" data-id=\"7e7237f\" data-element_type=\"widget\" data-e-type=\"widget\" data-widget_type=\"image.default\">\n\t\t\t\t\t\t\t\t\t\t\t\t\t\t\t<img fetchpriority=\"high\" decoding=\"async\" width=\"300\" height=\"300\" src=\"https:\/\/tirmetric.com\/wp-content\/uploads\/2025\/11\/Logo-TirMetric-1024x1024-fondo-blanco-300x300.png\" class=\"attachment-medium size-medium wp-image-11\" alt=\"TirMetric\" srcset=\"https:\/\/tirmetric.com\/wp-content\/uploads\/2025\/11\/Logo-TirMetric-1024x1024-fondo-blanco-300x300.png 300w, https:\/\/tirmetric.com\/wp-content\/uploads\/2025\/11\/Logo-TirMetric-1024x1024-fondo-blanco-150x150.png 150w, https:\/\/tirmetric.com\/wp-content\/uploads\/2025\/11\/Logo-TirMetric-1024x1024-fondo-blanco-768x768.png 768w, https:\/\/tirmetric.com\/wp-content\/uploads\/2025\/11\/Logo-TirMetric-1024x1024-fondo-blanco.png 1024w\" sizes=\"(max-width: 300px) 100vw, 300px\" \/>\t\t\t\t\t\t\t\t\t\t\t\t\t\t\t<\/div>\n\t\t\t\t<\/div>\n\t\t\t\t\t<\/div>\n\t\t\t\t<\/div>\n\t\t<div class=\"elementor-element elementor-element-a72b067 e-flex e-con-boxed e-con e-parent\" data-id=\"a72b067\" data-element_type=\"container\" data-e-type=\"container\" id=\"ConsoleWeb\">\n\t\t\t\t\t<div class=\"e-con-inner\">\n\t\t<div class=\"elementor-element elementor-element-b4cf87e e-con-full e-flex e-con e-child\" data-id=\"b4cf87e\" data-element_type=\"container\" data-e-type=\"container\">\n\t\t\t\t<div class=\"elementor-element elementor-element-e32049d elementor-widget elementor-widget-image\" data-id=\"e32049d\" data-element_type=\"widget\" data-e-type=\"widget\" data-widget_type=\"image.default\">\n\t\t\t\t\t\t\t\t\t\t\t\t\t\t\t<img fetchpriority=\"high\" decoding=\"async\" width=\"300\" height=\"300\" src=\"https:\/\/tirmetric.com\/wp-content\/uploads\/2025\/11\/Logo-TirMetric-1024x1024-fondo-blanco-300x300.png\" class=\"attachment-medium size-medium wp-image-11\" alt=\"TirMetric\" srcset=\"https:\/\/tirmetric.com\/wp-content\/uploads\/2025\/11\/Logo-TirMetric-1024x1024-fondo-blanco-300x300.png 300w, https:\/\/tirmetric.com\/wp-content\/uploads\/2025\/11\/Logo-TirMetric-1024x1024-fondo-blanco-150x150.png 150w, https:\/\/tirmetric.com\/wp-content\/uploads\/2025\/11\/Logo-TirMetric-1024x1024-fondo-blanco-768x768.png 768w, https:\/\/tirmetric.com\/wp-content\/uploads\/2025\/11\/Logo-TirMetric-1024x1024-fondo-blanco.png 1024w\" sizes=\"(max-width: 300px) 100vw, 300px\" \/>\t\t\t\t\t\t\t\t\t\t\t\t\t\t\t<\/div>\n\t\t\t\t<\/div>\n\t\t<div class=\"elementor-element elementor-element-f7f249c e-con-full e-flex e-con e-child\" data-id=\"f7f249c\" data-element_type=\"container\" data-e-type=\"container\">\n\t\t\t\t<div class=\"elementor-element elementor-element-973be56 elementor-widget elementor-widget-heading\" data-id=\"973be56\" data-element_type=\"widget\" data-e-type=\"widget\" data-widget_type=\"heading.default\">\n\t\t\t\t\t<h2 class=\"elementor-heading-title elementor-size-default\">La <span style=\"color: #E7343A\">console web <\/span>des coachs et clubs<\/h2>\t\t\t\t<\/div>\n\t\t\t\t<div class=\"elementor-element elementor-element-4078e32 elementor-widget elementor-widget-text-editor\" data-id=\"4078e32\" data-element_type=\"widget\" data-e-type=\"widget\" data-widget_type=\"text-editor.default\">\n\t\t\t\t\t\t\t\t\t<ul class=\"mt-5 space-y-3 text-brand-gray\"><li>Tableau de bord des tireurs et statistiques cl\u00e9.<\/li><li>Indicateurs de performance : moyenne, coh\u00e9rence, r\u00e9gularit\u00e9.<\/li><li>Analyse de l\u2019influence des conditions et des r\u00e9glages.<\/li><li>Suivi collaboratif : commentaires, feedbacks, recommandations.<\/li><li>Export des donn\u00e9es pour reporting club \/ f\u00e9d\u00e9ration.<\/li><\/ul>\t\t\t\t\t\t\t\t<\/div>\n\t\t\t\t<\/div>\n\t\t\t\t\t<\/div>\n\t\t\t\t<\/div>\n\t\t<div class=\"elementor-element elementor-element-2757a85 e-flex e-con-boxed e-con e-parent\" data-id=\"2757a85\" data-element_type=\"container\" data-e-type=\"container\" id=\"Collaboration\" data-settings=\"{&quot;background_background&quot;:&quot;classic&quot;}\">\n\t\t\t\t\t<div class=\"e-con-inner\">\n\t\t<div class=\"elementor-element elementor-element-5ce172b e-flex e-con-boxed e-con e-child\" data-id=\"5ce172b\" data-element_type=\"container\" data-e-type=\"container\">\n\t\t\t\t\t<div class=\"e-con-inner\">\n\t\t\t\t<div class=\"elementor-element elementor-element-74ede15 elementor-widget elementor-widget-text-editor\" data-id=\"74ede15\" data-element_type=\"widget\" data-e-type=\"widget\" data-widget_type=\"text-editor.default\">\n\t\t\t\t\t\t\t\t\t<h2>Progresser\u00a0<span style=\"color: #E7343A;\">ensemble<\/span><\/h2>\n<p\">TirMetric facilite le dialogue tireur\u2013coach\u2013club : \u00e9changes contextualis\u00e9s, historique des r\u00e9glages, comparaisons entre tireurs et s\u00e9ances, objectifs partag\u00e9s.<\/p>\t\t\t\t\t\t\t\t<\/div>\n\t\t\t\t\t<\/div>\n\t\t\t\t<\/div>\n\t\t<div class=\"elementor-element elementor-element-6a54475 e-flex e-con-boxed e-con e-child\" data-id=\"6a54475\" data-element_type=\"container\" data-e-type=\"container\">\n\t\t\t\t\t<div class=\"e-con-inner\">\n\t\t<div class=\"elementor-element elementor-element-7d95f2b e-con-full e-flex e-con e-child\" data-id=\"7d95f2b\" data-element_type=\"container\" data-e-type=\"container\">\n\t\t\t\t<div class=\"elementor-element elementor-element-0ac8424 elementor-widget elementor-widget-text-editor\" data-id=\"0ac8424\" data-element_type=\"widget\" data-e-type=\"widget\" data-widget_type=\"text-editor.default\">\n\t\t\t\t\t\t\t\t\t<h3 class=\"font-semibold\">Commentaires &amp; plans<\/h3><p class=\"mt-2 text-sm text-brand-gray\">Retours pr\u00e9cis sur les s\u00e9ances et axes de travail personnalis\u00e9s.<\/p>\t\t\t\t\t\t\t\t<\/div>\n\t\t\t\t<\/div>\n\t\t<div class=\"elementor-element elementor-element-a8d77c8 e-con-full e-flex e-con e-child\" data-id=\"a8d77c8\" data-element_type=\"container\" data-e-type=\"container\">\n\t\t\t\t<div class=\"elementor-element elementor-element-4e094a0 elementor-widget elementor-widget-text-editor\" data-id=\"4e094a0\" data-element_type=\"widget\" data-e-type=\"widget\" data-widget_type=\"text-editor.default\">\n\t\t\t\t\t\t\t\t\t<h3 class=\"font-semibold\">Historique consolid\u00e9<\/h3><p class=\"mt-2 text-sm text-brand-gray\">R\u00e9glages, cibles, r\u00e9sultats et ressentis centralis\u00e9s.<\/p>\t\t\t\t\t\t\t\t<\/div>\n\t\t\t\t<\/div>\n\t\t<div class=\"elementor-element elementor-element-86b97f9 e-con-full e-flex e-con e-child\" data-id=\"86b97f9\" data-element_type=\"container\" data-e-type=\"container\">\n\t\t\t\t<div class=\"elementor-element elementor-element-de9a79e elementor-widget elementor-widget-text-editor\" data-id=\"de9a79e\" data-element_type=\"widget\" data-e-type=\"widget\" data-widget_type=\"text-editor.default\">\n\t\t\t\t\t\t\t\t\t<h3 class=\"font-semibold\">Comparaisons<\/h3><p class=\"mt-2 text-sm text-brand-gray\">Par tireur, type de tir, conditions et p\u00e9riodes.<\/p>\t\t\t\t\t\t\t\t<\/div>\n\t\t\t\t<\/div>\n\t\t\t\t\t<\/div>\n\t\t\t\t<\/div>\n\t\t\t\t\t<\/div>\n\t\t\t\t<\/div>\n\t\t<div class=\"elementor-element elementor-element-4586055 e-flex e-con-boxed e-con e-parent\" data-id=\"4586055\" data-element_type=\"container\" data-e-type=\"container\" id=\"Technologie\">\n\t\t\t\t\t<div class=\"e-con-inner\">\n\t\t<div class=\"elementor-element elementor-element-e3b38b4 e-con-full e-flex e-con e-child\" data-id=\"e3b38b4\" data-element_type=\"container\" data-e-type=\"container\">\n\t\t\t\t<div class=\"elementor-element elementor-element-b35423d elementor-widget elementor-widget-text-editor\" data-id=\"b35423d\" data-element_type=\"widget\" data-e-type=\"widget\" data-widget_type=\"text-editor.default\">\n\t\t\t\t\t\t\t\t\t<h2 class=\"text-3xl font-bold\">Technologie &amp; <span style=\"color: #e7343a;\">fiabilit\u00e9<\/span><\/h2><ul class=\"mt-5 space-y-3 text-brand-gray\"><li>Stockage s\u00e9curis\u00e9 dans le cloud, chiffrement des donn\u00e9es.<\/li><li>Synchronisation en temps r\u00e9el entre mobile et web.<\/li><li>Profils d\u00e9di\u00e9s : tireur, coach, club \/ f\u00e9d\u00e9ration.<\/li><li>Statistiques avanc\u00e9es et visualisation des tendances.<\/li><li>Support d\u00e9di\u00e9 et mises \u00e0 jour continues.<\/li><\/ul>\t\t\t\t\t\t\t\t<\/div>\n\t\t\t\t<\/div>\n\t\t<div class=\"elementor-element elementor-element-2ecdc71 e-con-full e-flex e-con e-child\" data-id=\"2ecdc71\" data-element_type=\"container\" data-e-type=\"container\">\n\t\t\t\t<div class=\"elementor-element elementor-element-82f6d14 elementor-widget elementor-widget-image\" data-id=\"82f6d14\" data-element_type=\"widget\" data-e-type=\"widget\" data-widget_type=\"image.default\">\n\t\t\t\t\t\t\t\t\t\t\t\t\t\t\t<img fetchpriority=\"high\" decoding=\"async\" width=\"300\" height=\"300\" src=\"https:\/\/tirmetric.com\/wp-content\/uploads\/2025\/11\/Logo-TirMetric-1024x1024-fondo-blanco-300x300.png\" class=\"attachment-medium size-medium wp-image-11\" alt=\"TirMetric\" srcset=\"https:\/\/tirmetric.com\/wp-content\/uploads\/2025\/11\/Logo-TirMetric-1024x1024-fondo-blanco-300x300.png 300w, https:\/\/tirmetric.com\/wp-content\/uploads\/2025\/11\/Logo-TirMetric-1024x1024-fondo-blanco-150x150.png 150w, https:\/\/tirmetric.com\/wp-content\/uploads\/2025\/11\/Logo-TirMetric-1024x1024-fondo-blanco-768x768.png 768w, https:\/\/tirmetric.com\/wp-content\/uploads\/2025\/11\/Logo-TirMetric-1024x1024-fondo-blanco.png 1024w\" sizes=\"(max-width: 300px) 100vw, 300px\" \/>\t\t\t\t\t\t\t\t\t\t\t\t\t\t\t<\/div>\n\t\t\t\t<\/div>\n\t\t\t\t\t<\/div>\n\t\t\t\t<\/div>\n\t\t\t\t<\/div>\n\t\t","protected":false},"excerpt":{"rendered":"<p>TirMetric &#8211; La performance sous contr\u00f4le La solution professionnelle de suivi et d\u2019analyse du tir sportif. Chaque tir devient une donn\u00e9e, chaque donn\u00e9e une cl\u00e9 pour progresser. Essayer la Beta Demander une d\u00e9mo Pour les clubs, f\u00e9d\u00e9rations, coachs et tireurs de haut niveau. Pourquoi\u00a0TirMetric\u00a0? Dans le tir sportif, chaque d\u00e9tail compte. TirMetric centralise les param\u00e8tres [&hellip;]<\/p>\n","protected":false},"author":1,"featured_media":0,"parent":0,"menu_order":0,"comment_status":"closed","ping_status":"closed","template":"","meta":{"footnotes":""},"class_list":["post-7","page","type-page","status-publish","hentry"],"_links":{"self":[{"href":"https:\/\/tirmetric.com\/index.php\/wp-json\/wp\/v2\/pages\/7","targetHints":{"allow":["GET"]}}],"collection":[{"href":"https:\/\/tirmetric.com\/index.php\/wp-json\/wp\/v2\/pages"}],"about":[{"href":"https:\/\/tirmetric.com\/index.php\/wp-json\/wp\/v2\/types\/page"}],"author":[{"embeddable":true,"href":"https:\/\/tirmetric.com\/index.php\/wp-json\/wp\/v2\/users\/1"}],"replies":[{"embeddable":true,"href":"https:\/\/tirmetric.com\/index.php\/wp-json\/wp\/v2\/comments?post=7"}],"version-history":[{"count":89,"href":"https:\/\/tirmetric.com\/index.php\/wp-json\/wp\/v2\/pages\/7\/revisions"}],"predecessor-version":[{"id":219,"href":"https:\/\/tirmetric.com\/index.php\/wp-json\/wp\/v2\/pages\/7\/revisions\/219"}],"wp:attachment":[{"href":"https:\/\/tirmetric.com\/index.php\/wp-json\/wp\/v2\/media?parent=7"}],"curies":[{"name":"wp","href":"https:\/\/api.w.org\/{rel}","templated":true}]}}